{"id":75,"date":"2020-01-27T08:29:32","date_gmt":"2020-01-27T08:29:32","guid":{"rendered":"https:\/\/demosites.io\/web-agency-gb\/?page_id=75"},"modified":"2023-06-05T11:32:37","modified_gmt":"2023-06-05T08:32:37","slug":"15c42-web-agency-gb-contact-us","status":"publish","type":"page","link":"https:\/\/saberbelgesi.com\/?page_id=75","title":{"rendered":"\u0130leti\u015fim"},"content":{"rendered":"\n<div class=\"wp-block-cover alignfull is-light\" style=\"min-height:420px\"><span aria-hidden=\"true\" class=\"wp-block-cover__background has-white-background-color has-background-dim-100 has-background-dim\"><\/span><div class=\"wp-block-cover__inner-container\">\n<div style=\"height:80px\" aria-hidden=\"true\" class=\"wp-block-spacer\"><\/div>\n\n\n\n<div class=\"wp-block-columns is-layout-flex wp-container-7\">\n<div class=\"wp-block-column ticss-4ce656f1 is-layout-flow\">\n<div class=\"wp-block-group has-nv-site-bg-background-color has-background is-layout-flow\"><div class=\"wp-block-group__inner-container\">\n<div style=\"height:24px\" aria-hidden=\"true\" class=\"wp-block-spacer\"><\/div>\n\n\n<div class=\"wp-block-image icon-style is-style-default\">\n<figure class=\"aligncenter size-large\"><img decoding=\"async\" loading=\"lazy\" width=\"63\" height=\"63\" src=\"http:\/\/saberbelgesi.com\/wp-content\/uploads\/2021\/06\/phone-sm.png\" alt=\"\" class=\"wp-image-304\"\/><\/figure><\/div>\n\n\n<div style=\"height:24px\" aria-hidden=\"true\" class=\"wp-block-spacer\"><\/div>\n\n\n\n<h3 class=\"wp-block-heading has-text-align-center has-neve-text-color-color has-text-color\">Bizi Aray\u0131n<\/h3>\n\n\n\n<p class=\"has-text-align-center\">+90 216 393 3232<\/p>\n\n\n\n<div style=\"height:24px\" aria-hidden=\"true\" class=\"wp-block-spacer\"><\/div>\n<\/div><\/div>\n<\/div>\n\n\n\n<div class=\"wp-block-column ticss-f6fc7494 is-layout-flow\">\n<div class=\"wp-block-group has-nv-site-bg-background-color has-background is-layout-flow\"><div class=\"wp-block-group__inner-container\">\n<div style=\"height:24px\" aria-hidden=\"true\" class=\"wp-block-spacer\"><\/div>\n\n\n<div class=\"wp-block-image icon-style is-style-default\">\n<figure class=\"aligncenter size-large\"><img decoding=\"async\" src=\"http:\/\/saberbelgesi.com\/wp-content\/uploads\/2021\/06\/email-sm.png\" alt=\"\" class=\"wp-image-306\"\/><\/figure><\/div>\n\n\n<div style=\"height:24px\" aria-hidden=\"true\" class=\"wp-block-spacer\"><\/div>\n\n\n\n<h3 class=\"wp-block-heading has-text-align-center has-neve-text-color-color has-text-color\">Email<\/h3>\n\n\n\n<p class=\"has-text-align-center has-neve-text-color-color has-text-color\" style=\"font-size:15px\">cigdem@ezhar.com.tr<br>marketing@ezhar.com.tr<\/p>\n\n\n\n<div style=\"height:24px\" aria-hidden=\"true\" class=\"wp-block-spacer\"><\/div>\n<\/div><\/div>\n<\/div>\n\n\n\n<div class=\"wp-block-column ticss-a5b4df29 is-layout-flow\">\n<div class=\"wp-block-group has-nv-site-bg-background-color has-background is-layout-flow\"><div class=\"wp-block-group__inner-container\">\n<div style=\"height:24px\" aria-hidden=\"true\" class=\"wp-block-spacer\"><\/div>\n\n\n<div class=\"wp-block-image icon-style is-style-default\">\n<figure class=\"aligncenter size-large\"><img decoding=\"async\" loading=\"lazy\" width=\"49\" height=\"65\" src=\"http:\/\/saberbelgesi.com\/wp-content\/uploads\/2021\/06\/location-sm.png\" alt=\"\" class=\"wp-image-305\"\/><\/figure><\/div>\n\n\n<div style=\"height:24px\" aria-hidden=\"true\" class=\"wp-block-spacer\"><\/div>\n\n\n\n<h3 class=\"wp-block-heading has-text-align-center has-neve-text-color-color has-text-color\">Ofisimiz<\/h3>\n\n\n\n<p class=\"has-text-align-center has-neve-text-color-color has-text-color\" style=\"font-size:15px\">\u00d6rnek Mahallesi Udi Hasan Bey Sokak. No:31, 34704 Ata\u015fehir\/\u0130stanbul, T\u00fcrkiye<\/p>\n\n\n\n<div style=\"height:24px\" aria-hidden=\"true\" class=\"wp-block-spacer\"><\/div>\n<\/div><\/div>\n<\/div>\n<\/div>\n\n\n\n<div style=\"height:30px\" aria-hidden=\"true\" class=\"wp-block-spacer\"><\/div>\n<\/div><\/div>\n\n\n\n<div class=\"wp-block-cover alignfull is-light\" style=\"min-height:600px\"><span aria-hidden=\"true\" class=\"wp-block-cover__background has-white-background-color has-background-dim-100 has-background-dim\"><\/span><div class=\"wp-block-cover__inner-container\">\n<div class=\"wp-block-group is-layout-flow\"><div class=\"wp-block-group__inner-container\">\n<div style=\"height:80px\" aria-hidden=\"true\" class=\"wp-block-spacer\"><\/div>\n\n\n\n<div class=\"wp-block-columns is-layout-flex wp-container-10\">\n<div class=\"wp-block-column is-layout-flow\" style=\"flex-basis:50%\">\n<h2 class=\"wp-block-heading has-text-align-center has-nv-text-dark-bg-color has-text-color\">Bize Ula\u015f\u0131n<\/h2>\n\n\n\n<p class=\"has-text-align-center\">Belgelendirme, Lojistik, Test ve E\u011fitim konular\u0131nda destek almak i\u00e7in mail atabilir veya ofisimizi arayarak yetkili ekibimizle aktif bir \u015fekilde konu\u015fabilirsiniz.<br><\/p>\n\n\n\n<p class=\"has-text-align-center\">OPERASYON &nbsp;:+90 545 273 46 92&nbsp;&nbsp;<\/p>\n\n\n\n<p class=\"has-text-align-center\">SATI\u015e DESTEK :+90 537 454 83 55<\/p>\n\n\n\n<p class=\"has-text-align-center\">TEKN\u0130K UZMAN :+90 (546) 925 06 24<\/p>\n\n\n\n<p class=\"has-text-align-center\">SAHA SATI\u015e&nbsp; UZMAN :+90 549 464 55 61<\/p>\n<\/div>\n\n\n\n<div class=\"wp-block-column is-vertically-aligned-center is-layout-flow\" style=\"flex-basis:50%\">\n<div id=\"wp-block-themeisle-blocks-form-5a53b94c\" class=\"wp-block-themeisle-blocks-form\" data-option-name=\"bf9b28ff82ce323187abc5d0feb0d8f07ecd8436_5a53b94c\"><form class=\"otter-form__container\">\n<div id=\"wp-block-themeisle-blocks-form-input-dcbb4f89\" class=\"wp-block-themeisle-blocks-form-input\"><label for=\"wp-block-themeisle-blocks-form-input-dcbb4f89-input\" class=\"otter-form-input-label\"><span class=\"otter-form-input-label__label\">Ad Soyad<\/span><span class=\"required\">*<\/span><\/label><input type=\"text\" id=\"wp-block-themeisle-blocks-form-input-dcbb4f89-input\" required class=\"otter-form-input\"\/><\/div>\n\n\n\n<div id=\"wp-block-themeisle-blocks-form-input-c32e5623\" class=\"wp-block-themeisle-blocks-form-input\"><label for=\"wp-block-themeisle-blocks-form-input-c32e5623-input\" class=\"otter-form-input-label\"><span class=\"otter-form-input-label__label\">Email<\/span><span class=\"required\">*<\/span><\/label><input type=\"email\" id=\"wp-block-themeisle-blocks-form-input-c32e5623-input\" required class=\"otter-form-input\"\/><\/div>\n\n\n\n<div id=\"wp-block-themeisle-blocks-form-textarea-655994fe\" class=\"wp-block-themeisle-blocks-form-textarea\"><label for=\"wp-block-themeisle-blocks-form-textarea-655994fe-input\" class=\"otter-form-textarea-label\"><span class=\"otter-form-textarea-label__label\">Mesaj\u0131n\u0131z<\/span><\/label><textarea id=\"wp-block-themeisle-blocks-form-textarea-655994fe-input\" rows=\"10\" class=\"otter-form-textarea-input\"><\/textarea><\/div>\n\n\n<div class=\"protection\" aria-hidden=\"true\"><input type=\"hidden\" id=\"wp-block-themeisle-blocks-form-5a53b94c_nonce_field\" name=\"wp-block-themeisle-blocks-form-5a53b94c_nonce_field\" value=\"3530d94f95\" \/><input type=\"hidden\" name=\"_wp_http_referer\" value=\"\/index.php?rest_route=%2Fwp%2Fv2%2Fpages%2F75\" \/><input class=\"o-anti-bot\" type=\"checkbox\"><\/div><div class=\"wp-block-button\"><button class=\"wp-block-button__link\" type=\"submit\">Send Message<\/button><\/div><\/form><\/div>\n<\/div>\n<\/div>\n\n\n\n<div style=\"height:40px\" aria-hidden=\"true\" class=\"wp-block-spacer\"><\/div>\n<\/div><\/div>\n<\/div><\/div>\n","protected":false},"excerpt":{"rendered":"","protected":false},"author":1,"featured_media":334,"parent":0,"menu_order":0,"comment_status":"closed","ping_status":"closed","template":"","meta":{"om_disable_all_campaigns":false,"_mi_skip_tracking":false,"_monsterinsights_sitenote_active":false,"_monsterinsights_sitenote_note":"","_monsterinsights_sitenote_category":0,"_themeisle_gutenberg_block_has_review":false,"_ti_tpc_template_sync":false,"_ti_tpc_template_id":"re55dar6wrbbpp35jwhf"},"yoast_head":"<!-- This site is optimized with the Yoast SEO plugin v20.8 - https:\/\/yoast.com\/wordpress\/plugins\/seo\/ -->\n<title>\u0130leti\u015fim - saberbelgesi.com<\/title>\n<meta name=\"robots\" content=\"index, follow, max-snippet:-1, max-image-preview:large, max-video-preview:-1\" \/>\n<link rel=\"canonical\" href=\"https:\/\/saberbelgesi.com\/?page_id=75\" \/>\n<meta property=\"og:locale\" content=\"en_US\" \/>\n<meta property=\"og:type\" content=\"article\" \/>\n<meta property=\"og:title\" content=\"\u0130leti\u015fim - saberbelgesi.com\" \/>\n<meta property=\"og:url\" content=\"https:\/\/saberbelgesi.com\/?page_id=75\" \/>\n<meta property=\"og:site_name\" content=\"saberbelgesi.com\" \/>\n<meta property=\"article:modified_time\" content=\"2023-06-05T08:32:37+00:00\" \/>\n<meta property=\"og:image\" content=\"http:\/\/saberbelgesi.com\/wp-content\/uploads\/2023\/06\/EZHAR-VEKTOREL-1kjk-1.png\" \/>\n\t<meta property=\"og:image:width\" content=\"1166\" \/>\n\t<meta property=\"og:image:height\" content=\"1166\" \/>\n\t<meta property=\"og:image:type\" content=\"image\/png\" \/>\n<meta name=\"twitter:card\" content=\"summary_large_image\" \/>\n<meta name=\"twitter:label1\" content=\"Est. reading time\" \/>\n\t<meta name=\"twitter:data1\" content=\"2 minutes\" \/>\n<script type=\"application\/ld+json\" class=\"yoast-schema-graph\">{\"@context\":\"https:\/\/schema.org\",\"@graph\":[{\"@type\":\"WebPage\",\"@id\":\"https:\/\/saberbelgesi.com\/?page_id=75\",\"url\":\"https:\/\/saberbelgesi.com\/?page_id=75\",\"name\":\"\u0130leti\u015fim - saberbelgesi.com\",\"isPartOf\":{\"@id\":\"https:\/\/saberbelgesi.com\/#website\"},\"datePublished\":\"2020-01-27T08:29:32+00:00\",\"dateModified\":\"2023-06-05T08:32:37+00:00\",\"breadcrumb\":{\"@id\":\"https:\/\/saberbelgesi.com\/?page_id=75#breadcrumb\"},\"inLanguage\":\"en-US\",\"potentialAction\":[{\"@type\":\"ReadAction\",\"target\":[\"https:\/\/saberbelgesi.com\/?page_id=75\"]}]},{\"@type\":\"BreadcrumbList\",\"@id\":\"https:\/\/saberbelgesi.com\/?page_id=75#breadcrumb\",\"itemListElement\":[{\"@type\":\"ListItem\",\"position\":1,\"name\":\"Anasayfa\",\"item\":\"https:\/\/saberbelgesi.com\/\"},{\"@type\":\"ListItem\",\"position\":2,\"name\":\"\u0130leti\u015fim\"}]},{\"@type\":\"WebSite\",\"@id\":\"https:\/\/saberbelgesi.com\/#website\",\"url\":\"https:\/\/saberbelgesi.com\/\",\"name\":\"saberbelgesi.com\",\"description\":\"Saber Belgesi\",\"publisher\":{\"@id\":\"https:\/\/saberbelgesi.com\/#organization\"},\"potentialAction\":[{\"@type\":\"SearchAction\",\"target\":{\"@type\":\"EntryPoint\",\"urlTemplate\":\"https:\/\/saberbelgesi.com\/?s={search_term_string}\"},\"query-input\":\"required name=search_term_string\"}],\"inLanguage\":\"en-US\"},{\"@type\":\"Organization\",\"@id\":\"https:\/\/saberbelgesi.com\/#organization\",\"name\":\"EZHAR KURUMSAL\",\"alternateName\":\"Saber Belgesi\",\"url\":\"https:\/\/saberbelgesi.com\/\",\"logo\":{\"@type\":\"ImageObject\",\"inLanguage\":\"en-US\",\"@id\":\"https:\/\/saberbelgesi.com\/#\/schema\/logo\/image\/\",\"url\":\"https:\/\/saberbelgesi.com\/wp-content\/uploads\/2023\/06\/EZHAR-VEKTOREL-1kjk.png\",\"contentUrl\":\"https:\/\/saberbelgesi.com\/wp-content\/uploads\/2023\/06\/EZHAR-VEKTOREL-1kjk.png\",\"width\":1166,\"height\":1166,\"caption\":\"EZHAR KURUMSAL\"},\"image\":{\"@id\":\"https:\/\/saberbelgesi.com\/#\/schema\/logo\/image\/\"}}]}<\/script>\n<!-- \/ Yoast SEO plugin. -->","yoast_head_json":{"title":"\u0130leti\u015fim - saberbelgesi.com","robots":{"index":"index","follow":"follow","max-snippet":"max-snippet:-1","max-image-preview":"max-image-preview:large","max-video-preview":"max-video-preview:-1"},"canonical":"https:\/\/saberbelgesi.com\/?page_id=75","og_locale":"en_US","og_type":"article","og_title":"\u0130leti\u015fim - saberbelgesi.com","og_url":"https:\/\/saberbelgesi.com\/?page_id=75","og_site_name":"saberbelgesi.com","article_modified_time":"2023-06-05T08:32:37+00:00","og_image":[{"width":1166,"height":1166,"url":"http:\/\/saberbelgesi.com\/wp-content\/uploads\/2023\/06\/EZHAR-VEKTOREL-1kjk-1.png","type":"image\/png"}],"twitter_card":"summary_large_image","twitter_misc":{"Est. reading time":"2 minutes"},"schema":{"@context":"https:\/\/schema.org","@graph":[{"@type":"WebPage","@id":"https:\/\/saberbelgesi.com\/?page_id=75","url":"https:\/\/saberbelgesi.com\/?page_id=75","name":"\u0130leti\u015fim - saberbelgesi.com","isPartOf":{"@id":"https:\/\/saberbelgesi.com\/#website"},"datePublished":"2020-01-27T08:29:32+00:00","dateModified":"2023-06-05T08:32:37+00:00","breadcrumb":{"@id":"https:\/\/saberbelgesi.com\/?page_id=75#breadcrumb"},"inLanguage":"en-US","potentialAction":[{"@type":"ReadAction","target":["https:\/\/saberbelgesi.com\/?page_id=75"]}]},{"@type":"BreadcrumbList","@id":"https:\/\/saberbelgesi.com\/?page_id=75#breadcrumb","itemListElement":[{"@type":"ListItem","position":1,"name":"Anasayfa","item":"https:\/\/saberbelgesi.com\/"},{"@type":"ListItem","position":2,"name":"\u0130leti\u015fim"}]},{"@type":"WebSite","@id":"https:\/\/saberbelgesi.com\/#website","url":"https:\/\/saberbelgesi.com\/","name":"saberbelgesi.com","description":"Saber Belgesi","publisher":{"@id":"https:\/\/saberbelgesi.com\/#organization"},"potentialAction":[{"@type":"SearchAction","target":{"@type":"EntryPoint","urlTemplate":"https:\/\/saberbelgesi.com\/?s={search_term_string}"},"query-input":"required name=search_term_string"}],"inLanguage":"en-US"},{"@type":"Organization","@id":"https:\/\/saberbelgesi.com\/#organization","name":"EZHAR KURUMSAL","alternateName":"Saber Belgesi","url":"https:\/\/saberbelgesi.com\/","logo":{"@type":"ImageObject","inLanguage":"en-US","@id":"https:\/\/saberbelgesi.com\/#\/schema\/logo\/image\/","url":"https:\/\/saberbelgesi.com\/wp-content\/uploads\/2023\/06\/EZHAR-VEKTOREL-1kjk.png","contentUrl":"https:\/\/saberbelgesi.com\/wp-content\/uploads\/2023\/06\/EZHAR-VEKTOREL-1kjk.png","width":1166,"height":1166,"caption":"EZHAR KURUMSAL"},"image":{"@id":"https:\/\/saberbelgesi.com\/#\/schema\/logo\/image\/"}}]}},"_links":{"self":[{"href":"https:\/\/saberbelgesi.com\/index.php?rest_route=\/wp\/v2\/pages\/75"}],"collection":[{"href":"https:\/\/saberbelgesi.com\/index.php?rest_route=\/wp\/v2\/pages"}],"about":[{"href":"https:\/\/saberbelgesi.com\/index.php?rest_route=\/wp\/v2\/types\/page"}],"author":[{"embeddable":true,"href":"https:\/\/saberbelgesi.com\/index.php?rest_route=\/wp\/v2\/users\/1"}],"replies":[{"embeddable":true,"href":"https:\/\/saberbelgesi.com\/index.php?rest_route=%2Fwp%2Fv2%2Fcomments&post=75"}],"version-history":[{"count":4,"href":"https:\/\/saberbelgesi.com\/index.php?rest_route=\/wp\/v2\/pages\/75\/revisions"}],"predecessor-version":[{"id":350,"href":"https:\/\/saberbelgesi.com\/index.php?rest_route=\/wp\/v2\/pages\/75\/revisions\/350"}],"wp:featuredmedia":[{"embeddable":true,"href":"https:\/\/saberbelgesi.com\/index.php?rest_route=\/wp\/v2\/media\/334"}],"wp:attachment":[{"href":"https:\/\/saberbelgesi.com\/index.php?rest_route=%2Fwp%2Fv2%2Fmedia&parent=75"}],"curies":[{"name":"wp","href":"https:\/\/api.w.org\/{rel}","templated":true}]}}